{"id":10041,"date":"2023-08-02T21:40:14","date_gmt":"2023-08-03T00:40:14","guid":{"rendered":"https:\/\/www.pgic.cl\/?page_id=10041"},"modified":"2025-01-27T13:38:12","modified_gmt":"2025-01-27T17:38:12","slug":"servicio-tecnico","status":"publish","type":"page","link":"https:\/\/www.pgic.cl\/en\/servicio-tecnico\/","title":{"rendered":"Servicio T\u00e9cnico"},"content":{"rendered":"<p>Nuestra casa matriz, ubicada en <strong>Tranquilo 272, Pudahuel<\/strong>, se encuentra nuestro <strong>Servicio T\u00e9cnico Central<\/strong>, encargado de gestionar los requerimientos de la Regi\u00f3n Metropolitana. Con el prop\u00f3sito de optimizar nuestra cobertura y ofrecer un respaldo integral a las marcas presentes en nuestro cat\u00e1logo, hemos establecido una red de atenci\u00f3n t\u00e9cnica que extiende y asegura un soporte eficiente y especializado a nivel nacional.<\/p>\n<p>A continuaci\u00f3n encontrar\u00e1s el listado de todos nuestros servicios t\u00e9cnicos regionales autorizados:<\/p>\n<p><a href=\"https:\/\/www.pgic.cl\/content\/uploads\/2025\/01\/servicio-tecnico-27-01-25.png\"><img loading=\"lazy\" decoding=\"async\" class=\"aligncenter size-full wp-image-10891\" src=\"https:\/\/www.pgic.cl\/content\/uploads\/2025\/01\/servicio-tecnico-27-01-25.png\" alt=\"\" width=\"5105\" height=\"5309\" srcset=\"https:\/\/www.pgic.cl\/content\/uploads\/2025\/01\/servicio-tecnico-27-01-25.png 5105w, https:\/\/www.pgic.cl\/content\/uploads\/2025\/01\/servicio-tecnico-27-01-25-288x300.png 288w, https:\/\/www.pgic.cl\/content\/uploads\/2025\/01\/servicio-tecnico-27-01-25-985x1024.png 985w, https:\/\/www.pgic.cl\/content\/uploads\/2025\/01\/servicio-tecnico-27-01-25-768x799.png 768w, https:\/\/www.pgic.cl\/content\/uploads\/2025\/01\/servicio-tecnico-27-01-25-1477x1536.png 1477w, https:\/\/www.pgic.cl\/content\/uploads\/2025\/01\/servicio-tecnico-27-01-25-1969x2048.png 1969w\" sizes=\"auto, (max-width: 5105px) 100vw, 5105px\" \/><\/a><\/p>\n","protected":false},"excerpt":{"rendered":"<p>Nuestra casa matriz, ubicada en Tranquilo 272, Pudahuel, se encuentra nuestro Servicio T\u00e9cnico Central, encargado de gestionar los requerimientos de la Regi\u00f3n Metropolitana. Con el prop\u00f3sito de optimizar nuestra cobertura y ofrecer un respaldo integral a las marcas presentes en nuestro cat\u00e1logo, hemos establecido una red de atenci\u00f3n t\u00e9cnica que extiende y asegura un soporte [&hellip;]<\/p>\n","protected":false},"author":1,"featured_media":0,"parent":0,"menu_order":0,"comment_status":"closed","ping_status":"closed","template":"","meta":{"om_disable_all_campaigns":false,"_monsterinsights_skip_tracking":false,"_monsterinsights_sitenote_active":false,"_monsterinsights_sitenote_note":"","_monsterinsights_sitenote_category":0,"_uf_show_specific_survey":0,"_uf_disable_surveys":false,"footnotes":""},"class_list":["post-10041","page","type-page","status-publish","hentry"],"aioseo_notices":[],"_links":{"self":[{"href":"https:\/\/www.pgic.cl\/en\/wp-json\/wp\/v2\/pages\/10041","targetHints":{"allow":["GET"]}}],"collection":[{"href":"https:\/\/www.pgic.cl\/en\/wp-json\/wp\/v2\/pages"}],"about":[{"href":"https:\/\/www.pgic.cl\/en\/wp-json\/wp\/v2\/types\/page"}],"author":[{"embeddable":true,"href":"https:\/\/www.pgic.cl\/en\/wp-json\/wp\/v2\/users\/1"}],"replies":[{"embeddable":true,"href":"https:\/\/www.pgic.cl\/en\/wp-json\/wp\/v2\/comments?post=10041"}],"version-history":[{"count":32,"href":"https:\/\/www.pgic.cl\/en\/wp-json\/wp\/v2\/pages\/10041\/revisions"}],"predecessor-version":[{"id":10892,"href":"https:\/\/www.pgic.cl\/en\/wp-json\/wp\/v2\/pages\/10041\/revisions\/10892"}],"wp:attachment":[{"href":"https:\/\/www.pgic.cl\/en\/wp-json\/wp\/v2\/media?parent=10041"}],"curies":[{"name":"wp","href":"https:\/\/api.w.org\/{rel}","templated":true}]}}