{"id":8072,"date":"2017-10-07T16:42:13","date_gmt":"2017-10-07T16:42:13","guid":{"rendered":"http:\/\/new.pgic.cl\/?page_id=8072"},"modified":"2017-10-10T14:40:44","modified_gmt":"2017-10-10T14:40:44","slug":"quienes-somos","status":"publish","type":"page","link":"https:\/\/www.pgic.cl\/en\/quienes-somos\/","title":{"rendered":"Quienes Somos"},"content":{"rendered":"<p>La historia de la empresa se inicia el a\u00f1o 1991, cuando PGIC-Ingenier\u00eda decide comenzar a desarrollar canales profesionales, expeditos, confiables y competitivos para la distribuci\u00f3n de equipos de bombeo en todo el pa\u00eds. Este mismo esp\u00edritu nos ha acompa\u00f1ado durante todos estos a\u00f1os en que, gracias a nuestros clientes y distribuidores, nos hemos transformado en la empresa especialista del rubro m\u00e1s importante del pa\u00eds.<\/p>\n<p>Actualmente nuestros productos se distribuyen a lo largo de todo Chile y est\u00e1n presentes en las m\u00e1s diversas industrias a trav\u00e9s del rango m\u00e1s completo del mercado, en lo que a equipos de bombeo se refiere.<\/p>\n<p><img loading=\"lazy\" decoding=\"async\" class=\"aligncenter wp-image-8073 size-full\" src=\"http:\/\/new.pgic.cl\/\/content\/uploads\/2017\/10\/Historia.jpg\" alt=\"\" width=\"800\" height=\"308\" srcset=\"https:\/\/www.pgic.cl\/content\/uploads\/2017\/10\/Historia.jpg 800w, https:\/\/www.pgic.cl\/content\/uploads\/2017\/10\/Historia-300x116.jpg 300w, https:\/\/www.pgic.cl\/content\/uploads\/2017\/10\/Historia-768x296.jpg 768w\" sizes=\"auto, (max-width: 800px) 100vw, 800px\" \/><\/p>\n","protected":false},"excerpt":{"rendered":"<p>La historia de la empresa se inicia el a\u00f1o 1991, cuando PGIC-Ingenier\u00eda decide comenzar a desarrollar canales profesionales, expeditos, confiables y competitivos para la distribuci\u00f3n de equipos de bombeo en todo el pa\u00eds. Este mismo esp\u00edritu nos ha acompa\u00f1ado durante todos estos a\u00f1os en que, gracias a nuestros clientes y distribuidores, nos hemos transformado en [&hellip;]<\/p>\n","protected":false},"author":6,"featured_media":8081,"parent":0,"menu_order":0,"comment_status":"closed","ping_status":"closed","template":"","meta":{"om_disable_all_campaigns":false,"_monsterinsights_skip_tracking":false,"_monsterinsights_sitenote_active":false,"_monsterinsights_sitenote_note":"","_monsterinsights_sitenote_category":0,"_uf_show_specific_survey":0,"_uf_disable_surveys":false,"footnotes":""},"class_list":["post-8072","page","type-page","status-publish","has-post-thumbnail","hentry"],"aioseo_notices":[],"_links":{"self":[{"href":"https:\/\/www.pgic.cl\/en\/wp-json\/wp\/v2\/pages\/8072","targetHints":{"allow":["GET"]}}],"collection":[{"href":"https:\/\/www.pgic.cl\/en\/wp-json\/wp\/v2\/pages"}],"about":[{"href":"https:\/\/www.pgic.cl\/en\/wp-json\/wp\/v2\/types\/page"}],"author":[{"embeddable":true,"href":"https:\/\/www.pgic.cl\/en\/wp-json\/wp\/v2\/users\/6"}],"replies":[{"embeddable":true,"href":"https:\/\/www.pgic.cl\/en\/wp-json\/wp\/v2\/comments?post=8072"}],"version-history":[{"count":3,"href":"https:\/\/www.pgic.cl\/en\/wp-json\/wp\/v2\/pages\/8072\/revisions"}],"predecessor-version":[{"id":8140,"href":"https:\/\/www.pgic.cl\/en\/wp-json\/wp\/v2\/pages\/8072\/revisions\/8140"}],"wp:featuredmedia":[{"embeddable":true,"href":"https:\/\/www.pgic.cl\/en\/wp-json\/wp\/v2\/media\/8081"}],"wp:attachment":[{"href":"https:\/\/www.pgic.cl\/en\/wp-json\/wp\/v2\/media?parent=8072"}],"curies":[{"name":"wp","href":"https:\/\/api.w.org\/{rel}","templated":true}]}}