{"id":8080,"date":"2017-10-07T16:44:51","date_gmt":"2017-10-07T16:44:51","guid":{"rendered":"http:\/\/new.pgic.cl\/?page_id=8080"},"modified":"2018-05-14T19:11:28","modified_gmt":"2018-05-14T22:11:28","slug":"organizacion","status":"publish","type":"page","link":"https:\/\/www.pgic.cl\/en\/quienes-somos\/organizacion\/","title":{"rendered":"Organizaci\u00f3n"},"content":{"rendered":"<p>Nuestra estructura se basa en el desarrollo de dos divisiones que utilizan sus respectivos canales de distribuci\u00f3n:<\/p>\n<p><strong>Divisi\u00f3n Comercial:<\/strong> posee una red de m\u00e1s de 400 distribuidores en todo el pa\u00eds, los cuales forman parte del capital m\u00e1s importante de nuestra empresa. Hemos podido consolidar marcas l\u00edderes en el mercado, como Calpeda, Reggio, Stairs, Dreno, Emaux, Aquasystem, Seko y otras. Estas ofrecen productos y servicios especializados en los mercados agr\u00edcola, dom\u00e9stico, construcci\u00f3n e industria, principalmente orientados a proveer de soluciones para el manejo de fluidos, especialmente agua.<\/p>\n<p><strong>Divisi\u00f3n Industrial:<\/strong> focalizada preferentemente en las industrias de la miner\u00eda y de los procesos industriales. Esta divisi\u00f3n ofrece una variedad muy amplia de equipos para el manejo de fluidos dif\u00edciles, como pulpas, riles, l\u00edquidos corrosivos y abrasivos, qu\u00edmicos y pastas en general. Adem\u00e1s cuenta con un staff de ingenieros que nos permiten entregar un soporte profesional en la elaboraci\u00f3n y desarrollo de proyectos. A esto se le suma el soporte y asesor\u00eda en terreno.<\/p>\n<p>&nbsp;<\/p>\n<p><img loading=\"lazy\" decoding=\"async\" class=\"aligncenter size-full wp-image-8081\" src=\"http:\/\/new.pgic.cl\/\/content\/uploads\/2017\/10\/Organizacion.jpg\" alt=\"\" width=\"800\" height=\"308\" \/><\/p>\n","protected":false},"excerpt":{"rendered":"<p>Nuestra estructura se basa en el desarrollo de dos divisiones que utilizan sus respectivos canales de distribuci\u00f3n: Divisi\u00f3n Comercial: posee una red de m\u00e1s de 400 distribuidores en todo el pa\u00eds, los cuales forman parte del capital m\u00e1s importante de nuestra empresa. Hemos podido consolidar marcas l\u00edderes en el mercado, como Calpeda, Reggio, Stairs, Dreno, [&hellip;]<\/p>\n","protected":false},"author":6,"featured_media":8081,"parent":8072,"menu_order":0,"comment_status":"closed","ping_status":"closed","template":"","meta":{"om_disable_all_campaigns":false,"_monsterinsights_skip_tracking":false,"_monsterinsights_sitenote_active":false,"_monsterinsights_sitenote_note":"","_monsterinsights_sitenote_category":0,"_uf_show_specific_survey":0,"_uf_disable_surveys":false,"footnotes":""},"class_list":["post-8080","page","type-page","status-publish","has-post-thumbnail","hentry"],"aioseo_notices":[],"_links":{"self":[{"href":"https:\/\/www.pgic.cl\/en\/wp-json\/wp\/v2\/pages\/8080","targetHints":{"allow":["GET"]}}],"collection":[{"href":"https:\/\/www.pgic.cl\/en\/wp-json\/wp\/v2\/pages"}],"about":[{"href":"https:\/\/www.pgic.cl\/en\/wp-json\/wp\/v2\/types\/page"}],"author":[{"embeddable":true,"href":"https:\/\/www.pgic.cl\/en\/wp-json\/wp\/v2\/users\/6"}],"replies":[{"embeddable":true,"href":"https:\/\/www.pgic.cl\/en\/wp-json\/wp\/v2\/comments?post=8080"}],"version-history":[{"count":2,"href":"https:\/\/www.pgic.cl\/en\/wp-json\/wp\/v2\/pages\/8080\/revisions"}],"predecessor-version":[{"id":8960,"href":"https:\/\/www.pgic.cl\/en\/wp-json\/wp\/v2\/pages\/8080\/revisions\/8960"}],"up":[{"embeddable":true,"href":"https:\/\/www.pgic.cl\/en\/wp-json\/wp\/v2\/pages\/8072"}],"wp:featuredmedia":[{"embeddable":true,"href":"https:\/\/www.pgic.cl\/en\/wp-json\/wp\/v2\/media\/8081"}],"wp:attachment":[{"href":"https:\/\/www.pgic.cl\/en\/wp-json\/wp\/v2\/media?parent=8080"}],"curies":[{"name":"wp","href":"https:\/\/api.w.org\/{rel}","templated":true}]}}