{"id":8084,"date":"2017-10-07T16:46:36","date_gmt":"2017-10-07T16:46:36","guid":{"rendered":"http:\/\/new.pgic.cl\/?page_id=8084"},"modified":"2021-08-20T15:44:24","modified_gmt":"2021-08-20T18:44:24","slug":"infraestructura","status":"publish","type":"page","link":"https:\/\/www.pgic.cl\/en\/quienes-somos\/infraestructura\/","title":{"rendered":"Infraestructura"},"content":{"rendered":"<p>PGIC Ingenier\u00eda cuenta con una moderna planta en Santiago que incluye oficinas, bodegas, \u00e1reas de servicio t\u00e9cnico, montaje, armado y fabricaci\u00f3n.<\/p>\n<p><img loading=\"lazy\" decoding=\"async\" class=\"size-full wp-image-9857\" src=\"https:\/\/www.pgic.cl\/content\/uploads\/2021\/08\/DJI_0038.jpg\" alt=\"\" width=\"900\" height=\"506\" srcset=\"https:\/\/www.pgic.cl\/content\/uploads\/2021\/08\/DJI_0038.jpg 900w, https:\/\/www.pgic.cl\/content\/uploads\/2021\/08\/DJI_0038-300x169.jpg 300w, https:\/\/www.pgic.cl\/content\/uploads\/2021\/08\/DJI_0038-768x432.jpg 768w\" sizes=\"auto, (max-width: 900px) 100vw, 900px\" \/><\/p>\n<p>&nbsp;<\/p>\n","protected":false},"excerpt":{"rendered":"<p>PGIC Ingenier\u00eda cuenta con una moderna planta en Santiago que incluye oficinas, bodegas, \u00e1reas de servicio t\u00e9cnico, montaje, armado y fabricaci\u00f3n. &nbsp;<\/p>\n","protected":false},"author":6,"featured_media":0,"parent":8072,"menu_order":0,"comment_status":"closed","ping_status":"closed","template":"","meta":{"om_disable_all_campaigns":false,"_monsterinsights_skip_tracking":false,"_monsterinsights_sitenote_active":false,"_monsterinsights_sitenote_note":"","_monsterinsights_sitenote_category":0,"_uf_show_specific_survey":0,"_uf_disable_surveys":false,"footnotes":""},"class_list":["post-8084","page","type-page","status-publish","hentry"],"aioseo_notices":[],"_links":{"self":[{"href":"https:\/\/www.pgic.cl\/en\/wp-json\/wp\/v2\/pages\/8084","targetHints":{"allow":["GET"]}}],"collection":[{"href":"https:\/\/www.pgic.cl\/en\/wp-json\/wp\/v2\/pages"}],"about":[{"href":"https:\/\/www.pgic.cl\/en\/wp-json\/wp\/v2\/types\/page"}],"author":[{"embeddable":true,"href":"https:\/\/www.pgic.cl\/en\/wp-json\/wp\/v2\/users\/6"}],"replies":[{"embeddable":true,"href":"https:\/\/www.pgic.cl\/en\/wp-json\/wp\/v2\/comments?post=8084"}],"version-history":[{"count":3,"href":"https:\/\/www.pgic.cl\/en\/wp-json\/wp\/v2\/pages\/8084\/revisions"}],"predecessor-version":[{"id":9859,"href":"https:\/\/www.pgic.cl\/en\/wp-json\/wp\/v2\/pages\/8084\/revisions\/9859"}],"up":[{"embeddable":true,"href":"https:\/\/www.pgic.cl\/en\/wp-json\/wp\/v2\/pages\/8072"}],"wp:attachment":[{"href":"https:\/\/www.pgic.cl\/en\/wp-json\/wp\/v2\/media?parent=8084"}],"curies":[{"name":"wp","href":"https:\/\/api.w.org\/{rel}","templated":true}]}}