{"id":8088,"date":"2017-10-07T16:49:08","date_gmt":"2017-10-07T16:49:08","guid":{"rendered":"http:\/\/new.pgic.cl\/?page_id=8088"},"modified":"2022-11-03T16:13:29","modified_gmt":"2022-11-03T19:13:29","slug":"politica-de-calidad","status":"publish","type":"page","link":"https:\/\/www.pgic.cl\/en\/quienes-somos\/politica-de-calidad\/","title":{"rendered":"Pol\u00edtica de Calidad"},"content":{"rendered":"<p><strong>POLITICA INTEGRADA DE LA CALIDAD, MEDIO AMBIENTE Y SALUD Y SEGURIDAD EN EL TRABAJO<\/strong><\/p>\n<p><strong>PGIC Ingenier\u00eda<\/strong> es una empresa l\u00edder en la distribuci\u00f3n de equipos de bombeo en Chile y ofrece soluciones de impulsi\u00f3n de fluidos en base al rango m\u00e1s amplio de equipos. Posee una s\u00f3lida y eficiente base operacional que permite entregar servicios de alto valor y calidad.<\/p>\n<p>Inicia su proceso de desarrollo empresarial el a\u00f1o 1991, mediante el desarrollo de canales profesionales, confiables y competitivos para lograr la distribuci\u00f3n amplia de equipos de bombeo y accesorios. Este mismo esp\u00edritu est\u00e1 vigente hoy y ha transformado a la empresa en el especialista del rubro m\u00e1s importante del pa\u00eds.<\/p>\n<p><strong>PGIC Ingenier\u00eda<\/strong> ha implementado los est\u00e1ndares internacionales <strong>ISO 9001<\/strong> \u201cSistema de Gesti\u00f3n de la Calidad\u201d,<strong> ISO 14001<\/strong> \u201cSistema de Gesti\u00f3n Ambiental\u201d e <strong>ISO 45001<\/strong> \u201cSistema de Salud y Seguridad en el Trabajo\u201d en un sistema de gesti\u00f3n integrado que aplica a toda la organizaci\u00f3n, asumiendo compromisos, en base a su prop\u00f3sito y contexto, que apoyan la direcci\u00f3n estrat\u00e9gica y establece el marco de referencia para establecer objetivos.<\/p>\n<p>Estos compromisos son:<\/p>\n<ul>\n<li>Mantener una relaci\u00f3n cercana con los clientes para satisfacer sus necesidades y expectativas, asegurando calidad y conveniencia<\/li>\n<li>Lograr un desarrollo integral del personal, otorgando oportunidades de capacitaci\u00f3n y crecimiento, en un ambiente de trabajo seguro, confiable y grato<\/li>\n<li>Proporcionar a sus colaboradores, clientes y contratistas condiciones de trabajo seguras y saludables que propicien la prevenci\u00f3n de lesiones y del deterioro de la salud en el trabajo.<\/li>\n<li>Fomentar la participaci\u00f3n de los colaboradores y sus representantes para la toma de decisiones respecto a la seguridad y la salud en el trabajo<\/li>\n<li>Implementar y mantener procesos necesarios para eliminar los peligros y reducir los riesgos, determinando las medidas de control necesarias para la seguridad y la salud en el trabajo<\/li>\n<li>Proteger el medioambiente, mejorando continuamente nuestro comportamiento ambiental mediante la gesti\u00f3n adecuada, prevenci\u00f3n de la contaminaci\u00f3n y uso sostenible de los recursos<\/li>\n<li>Mantener alianzas estrat\u00e9gicas con sus representadas y proveedores, conformando una relaci\u00f3n s\u00f3lida basada en el mutuo cumplimiento de responsabilidades<\/li>\n<li>Cumplir las disposiciones regulatorias, legales y normativas vigentes u otros requisitos internos y externos aplicables a calidad, medio ambiente, seguridad y salud en el trabajo<\/li>\n<li>Mejorar continuamente la gesti\u00f3n de nuestros procesos asociados al sistema de gesti\u00f3n de calidad, ambiente y seguridad y salud en el trabajo<\/li>\n<li>Difundir nuestra pol\u00edtica y compromiso a todos sus colaboradores y a las partes interesadas<\/li>\n<\/ul>\n<p>&nbsp;<\/p>\n<p><img loading=\"lazy\" decoding=\"async\" class=\"aligncenter wp-image-9857\" src=\"https:\/\/www.pgic.cl\/content\/uploads\/2021\/08\/DJI_0038.jpg\" alt=\"\" width=\"647\" height=\"364\" srcset=\"https:\/\/www.pgic.cl\/content\/uploads\/2021\/08\/DJI_0038.jpg 900w, https:\/\/www.pgic.cl\/content\/uploads\/2021\/08\/DJI_0038-300x169.jpg 300w, https:\/\/www.pgic.cl\/content\/uploads\/2021\/08\/DJI_0038-768x432.jpg 768w\" sizes=\"auto, (max-width: 647px) 100vw, 647px\" \/><\/p>\n","protected":false},"excerpt":{"rendered":"<p>POLITICA INTEGRADA DE LA CALIDAD, MEDIO AMBIENTE Y SALUD Y SEGURIDAD EN EL TRABAJO PGIC Ingenier\u00eda es una empresa l\u00edder en la distribuci\u00f3n de equipos de bombeo en Chile y ofrece soluciones de impulsi\u00f3n de fluidos en base al rango m\u00e1s amplio de equipos. Posee una s\u00f3lida y eficiente base operacional que permite entregar servicios [&hellip;]<\/p>\n","protected":false},"author":6,"featured_media":9857,"parent":8072,"menu_order":0,"comment_status":"closed","ping_status":"closed","template":"","meta":{"om_disable_all_campaigns":false,"_monsterinsights_skip_tracking":false,"_monsterinsights_sitenote_active":false,"_monsterinsights_sitenote_note":"","_monsterinsights_sitenote_category":0,"_uf_show_specific_survey":0,"_uf_disable_surveys":false,"footnotes":""},"class_list":["post-8088","page","type-page","status-publish","has-post-thumbnail","hentry"],"aioseo_notices":[],"_links":{"self":[{"href":"https:\/\/www.pgic.cl\/en\/wp-json\/wp\/v2\/pages\/8088","targetHints":{"allow":["GET"]}}],"collection":[{"href":"https:\/\/www.pgic.cl\/en\/wp-json\/wp\/v2\/pages"}],"about":[{"href":"https:\/\/www.pgic.cl\/en\/wp-json\/wp\/v2\/types\/page"}],"author":[{"embeddable":true,"href":"https:\/\/www.pgic.cl\/en\/wp-json\/wp\/v2\/users\/6"}],"replies":[{"embeddable":true,"href":"https:\/\/www.pgic.cl\/en\/wp-json\/wp\/v2\/comments?post=8088"}],"version-history":[{"count":7,"href":"https:\/\/www.pgic.cl\/en\/wp-json\/wp\/v2\/pages\/8088\/revisions"}],"predecessor-version":[{"id":9952,"href":"https:\/\/www.pgic.cl\/en\/wp-json\/wp\/v2\/pages\/8088\/revisions\/9952"}],"up":[{"embeddable":true,"href":"https:\/\/www.pgic.cl\/en\/wp-json\/wp\/v2\/pages\/8072"}],"wp:featuredmedia":[{"embeddable":true,"href":"https:\/\/www.pgic.cl\/en\/wp-json\/wp\/v2\/media\/9857"}],"wp:attachment":[{"href":"https:\/\/www.pgic.cl\/en\/wp-json\/wp\/v2\/media?parent=8088"}],"curies":[{"name":"wp","href":"https:\/\/api.w.org\/{rel}","templated":true}]}}