{"id":9397,"date":"2019-08-22T14:29:41","date_gmt":"2019-08-22T17:29:41","guid":{"rendered":"https:\/\/www.pgic.cl\/?page_id=9397"},"modified":"2026-02-26T09:57:06","modified_gmt":"2026-02-26T13:57:06","slug":"horario-de-atencion","status":"publish","type":"page","link":"https:\/\/www.pgic.cl\/en\/horario-de-atencion\/","title":{"rendered":"Horario de Atenci\u00f3n"},"content":{"rendered":"<h4><img loading=\"lazy\" decoding=\"async\" class=\"aligncenter size-medium wp-image-8337\" src=\"https:\/\/www.pgic.cl\/content\/uploads\/2017\/10\/2-e1507646523325-300x104.jpg\" alt=\"\" width=\"300\" height=\"104\" srcset=\"https:\/\/www.pgic.cl\/content\/uploads\/2017\/10\/2-e1507646523325-300x104.jpg 300w, https:\/\/www.pgic.cl\/content\/uploads\/2017\/10\/2-e1507646523325-768x267.jpg 768w, https:\/\/www.pgic.cl\/content\/uploads\/2017\/10\/2-e1507646523325-1024x356.jpg 1024w\" sizes=\"auto, (max-width: 300px) 100vw, 300px\" \/><\/h4>\n<h4 style=\"text-align: center;\">Nuestro horario de atenci\u00f3n es el siguiente:<\/h4>\n<p style=\"text-align: center;\"><strong>Atenci\u00f3n Presencial<\/strong><\/p>\n<p style=\"text-align: center;\">Lunes a Jueves: <strong>8:30 a 17:00 hrs<\/strong><br \/>\nViernes: <strong>8:30 a 15:45 hrs<\/strong><\/p>\n<p style=\"text-align: center;\"><strong>Atenci\u00f3n telef\u00f3nica, web y correo electr\u00f3nico<\/strong><\/p>\n<p style=\"text-align: center;\">Lunes a Jueves:\u00a0<strong>8:30 a 17:30 hrs<\/strong><br \/>\nViernes: <strong>8:30 a 16:15 hrs<\/strong><\/p>\n<p style=\"text-align: center;\"><strong>Atenci\u00f3n Recepci\u00f3n Servicio T\u00e9cnico<\/strong><\/p>\n<p style=\"text-align: center;\">Lunes a Jueves:\u00a0<strong>8:30 a 17:00 hrs<\/strong><br \/>\nViernes: <strong>8:30 a 15:45 hrs<\/strong><\/p>\n<p style=\"text-align: center;\"><strong>Suscr\u00edbase a nuestro newsletter para estar al tanto de nuestras informaciones, productos y ofertas<\/strong><\/p>\n","protected":false},"excerpt":{"rendered":"<p>Nuestro horario de atenci\u00f3n es el siguiente: Atenci\u00f3n Presencial Lunes a Jueves: 8:30 a 17:00 hrs Viernes: 8:30 a 15:45 hrs Atenci\u00f3n telef\u00f3nica, web y correo electr\u00f3nico Lunes a Jueves:\u00a08:30 a 17:30 hrs Viernes: 8:30 a 16:15 hrs Atenci\u00f3n Recepci\u00f3n Servicio T\u00e9cnico Lunes a Jueves:\u00a08:30 a 17:00 hrs Viernes: 8:30 a 15:45 hrs Suscr\u00edbase a [&hellip;]<\/p>\n","protected":false},"author":6,"featured_media":0,"parent":0,"menu_order":0,"comment_status":"closed","ping_status":"closed","template":"","meta":{"om_disable_all_campaigns":false,"_monsterinsights_skip_tracking":false,"_monsterinsights_sitenote_active":false,"_monsterinsights_sitenote_note":"","_monsterinsights_sitenote_category":0,"_uf_show_specific_survey":0,"_uf_disable_surveys":false,"footnotes":""},"class_list":["post-9397","page","type-page","status-publish","hentry"],"aioseo_notices":[],"_links":{"self":[{"href":"https:\/\/www.pgic.cl\/en\/wp-json\/wp\/v2\/pages\/9397","targetHints":{"allow":["GET"]}}],"collection":[{"href":"https:\/\/www.pgic.cl\/en\/wp-json\/wp\/v2\/pages"}],"about":[{"href":"https:\/\/www.pgic.cl\/en\/wp-json\/wp\/v2\/types\/page"}],"author":[{"embeddable":true,"href":"https:\/\/www.pgic.cl\/en\/wp-json\/wp\/v2\/users\/6"}],"replies":[{"embeddable":true,"href":"https:\/\/www.pgic.cl\/en\/wp-json\/wp\/v2\/comments?post=9397"}],"version-history":[{"count":13,"href":"https:\/\/www.pgic.cl\/en\/wp-json\/wp\/v2\/pages\/9397\/revisions"}],"predecessor-version":[{"id":11082,"href":"https:\/\/www.pgic.cl\/en\/wp-json\/wp\/v2\/pages\/9397\/revisions\/11082"}],"wp:attachment":[{"href":"https:\/\/www.pgic.cl\/en\/wp-json\/wp\/v2\/media?parent=9397"}],"curies":[{"name":"wp","href":"https:\/\/api.w.org\/{rel}","templated":true}]}}