{"id":10134,"date":"2021-08-11T17:33:36","date_gmt":"2021-08-11T20:33:36","guid":{"rendered":"https:\/\/www.pgic.cl\/producto\/bomba-sumergible-suse-3-3-31-15-hp-220v\/"},"modified":"2021-08-11T17:33:36","modified_gmt":"2021-08-11T20:33:36","slug":"bomba-sumergible-suse-3-3-31-15-hp-220v","status":"publish","type":"product","link":"https:\/\/www.pgic.cl\/en\/product\/bomba-sumergible-suse-3-3-31-15-hp-220v\/","title":{"rendered":"BOMBA SUMERGIBLE SUSE 3 3\/31 | 1,5 HP | 220V"},"content":{"rendered":"<p>Abastecimiento de agua de pozos o dep\u00f3sitos para el jard\u00edn y riego.<br \/>\nUso dom\u00e9stico, aplicaciones civiles e industriales.<\/p>\n<p>Incluye: 40 metros de cable, caja de control con condensador y protecci\u00f3n el\u00e9ctrica.<\/p>\n","protected":false},"excerpt":{"rendered":"<p>Abastecimiento de agua de pozos o dep\u00f3sitos para el jard\u00edn y riego. Uso dom\u00e9stico, aplicaciones civiles e industriales. Incluye: 40 metros de cable, caja de control con condensador y protecci\u00f3n el\u00e9ctrica.<\/p>\n","protected":false},"featured_media":0,"comment_status":"open","ping_status":"closed","template":"","meta":{"om_disable_all_campaigns":false,"_monsterinsights_skip_tracking":false,"_monsterinsights_sitenote_active":false,"_monsterinsights_sitenote_note":"","_monsterinsights_sitenote_category":0,"_uf_show_specific_survey":0,"_uf_disable_surveys":false},"class_list":{"0":"post-10134","1":"product","2":"type-product","3":"status-publish","5":"product_cat-bestflow-en","6":"product_cat-bombas-sumergibles-en","7":"product_cat-division-comercial-en","8":"product_cat-marca-en","9":"product_cat-pozo-profundo-y-noria-en","10":"product_tag-bestflow-en","11":"product_tag-bomba-sumergible-en","12":"product_tag-suse-en","14":"first","15":"instock","16":"downloadable","17":"shipping-taxable","18":"product-type-simple"},"aioseo_notices":[],"_links":{"self":[{"href":"https:\/\/www.pgic.cl\/en\/wp-json\/wp\/v2\/product\/10134","targetHints":{"allow":["GET"]}}],"collection":[{"href":"https:\/\/www.pgic.cl\/en\/wp-json\/wp\/v2\/product"}],"about":[{"href":"https:\/\/www.pgic.cl\/en\/wp-json\/wp\/v2\/types\/product"}],"replies":[{"embeddable":true,"href":"https:\/\/www.pgic.cl\/en\/wp-json\/wp\/v2\/comments?post=10134"}],"wp:attachment":[{"href":"https:\/\/www.pgic.cl\/en\/wp-json\/wp\/v2\/media?parent=10134"}],"curies":[{"name":"wp","href":"https:\/\/api.w.org\/{rel}","templated":true}]}}