{"id":7820,"date":"2017-10-07T01:58:32","date_gmt":"2017-10-07T01:58:32","guid":{"rendered":"http:\/\/new.pgic.cl\/product\/serie-cgv\/"},"modified":"2017-10-20T18:34:41","modified_gmt":"2017-10-20T18:34:41","slug":"bomba-fluidos-corrosivos-serie-cgv","status":"publish","type":"product","link":"https:\/\/www.pgic.cl\/en\/product\/bomba-fluidos-corrosivos-serie-cgv\/","title":{"rendered":"BOMBA FLUIDOS CORROSIVOS | SERIE: CGV"},"content":{"rendered":"<p>Bomba centr\u00edfuga de eje vertical para uso pesado, con acoplamiento. El cuerpo de la bomba est\u00e1 disponible con diferentes alternativas de termopl\u00e1stico.<\/p>\n","protected":false},"excerpt":{"rendered":"<p>Bomba centr\u00edfuga de eje vertical para uso pesado, con acoplamiento. El cuerpo de la bomba est\u00e1 disponible con diferentes alternativas de termopl\u00e1stico.<\/p>\n","protected":false},"featured_media":4317,"comment_status":"closed","ping_status":"closed","template":"","meta":{"om_disable_all_campaigns":false,"_monsterinsights_skip_tracking":false,"_monsterinsights_sitenote_active":false,"_monsterinsights_sitenote_note":"","_monsterinsights_sitenote_category":0,"_uf_show_specific_survey":0,"_uf_disable_surveys":false},"class_list":{"0":"post-7820","1":"product","2":"type-product","3":"status-publish","4":"has-post-thumbnail","6":"product_cat-bestflow-en","7":"product_cat-bombas-sumergibles-en","8":"product_tag-bomba-sumergible-en","10":"first","11":"instock","12":"downloadable","13":"product-type-simple"},"aioseo_notices":[],"_links":{"self":[{"href":"https:\/\/www.pgic.cl\/en\/wp-json\/wp\/v2\/product\/7820","targetHints":{"allow":["GET"]}}],"collection":[{"href":"https:\/\/www.pgic.cl\/en\/wp-json\/wp\/v2\/product"}],"about":[{"href":"https:\/\/www.pgic.cl\/en\/wp-json\/wp\/v2\/types\/product"}],"replies":[{"embeddable":true,"href":"https:\/\/www.pgic.cl\/en\/wp-json\/wp\/v2\/comments?post=7820"}],"wp:featuredmedia":[{"embeddable":true,"href":"https:\/\/www.pgic.cl\/en\/wp-json\/wp\/v2\/media\/4317"}],"wp:attachment":[{"href":"https:\/\/www.pgic.cl\/en\/wp-json\/wp\/v2\/media?parent=7820"}],"curies":[{"name":"wp","href":"https:\/\/api.w.org\/{rel}","templated":true}]}}